{"id":2204,"date":"2025-11-11T10:17:14","date_gmt":"2025-11-11T08:17:14","guid":{"rendered":"https:\/\/casino-bk-site54.top\/?page_id=2204"},"modified":"2025-11-11T10:17:14","modified_gmt":"2025-11-11T08:17:14","slug":"2204-2","status":"publish","type":"page","link":"https:\/\/casino-bk-site54.top\/tr\/","title":{"rendered":""},"content":{"rendered":"","protected":false},"excerpt":{"rendered":"","protected":false},"author":1,"featured_media":0,"parent":0,"menu_order":0,"comment_status":"closed","ping_status":"closed","template":"home-new.php","meta":{"_acf_changed":false,"footnotes":""},"class_list":["post-2204","page","type-page","status-publish","hentry"],"acf":[],"yoast_head":"<!-- This site is optimized with the Yoast SEO plugin v26.9 - https:\/\/yoast.com\/product\/yoast-seo-wordpress\/ -->\n<title>1xbet T\u00fcrkiye \u2013 g\u00fcncel giri\u015f, ve bonus f\u0131rsatlar\u0131 ile g\u00fcvenli ve keyifli oyunlar oynay\u0131n.<\/title>\n<meta name=\"description\" content=\"1xbet T\u00fcrkiye resmi sitesiyle spor bahisleri, casino oyunlar\u0131 ve y\u00fcksek oranl\u0131 f\u0131rsatlar\u0131 ke\u015ffedin. G\u00fcvenli 1xbet g\u00fcncel giri\u015f adresi, TL ile \u00f6deme ve anl\u0131k destek burada, hemen kat\u0131l\u0131n ve kazanmaya ba\u015flay\u0131n.\" \/>\n<meta name=\"robots\" content=\"index, follow, max-snippet:-1, max-image-preview:large, max-video-preview:-1\" \/>\n<link rel=\"canonical\" href=\"https:\/\/casino-bk-site54.top\/tr\/\" \/>\n<meta property=\"og:locale\" content=\"ru_RU\" \/>\n<meta property=\"og:type\" content=\"article\" \/>\n<meta property=\"og:title\" content=\"1xbet T\u00fcrkiye \u2013 g\u00fcncel giri\u015f, ve bonus f\u0131rsatlar\u0131 ile g\u00fcvenli ve keyifli oyunlar oynay\u0131n.\" \/>\n<meta property=\"og:description\" content=\"1xbet T\u00fcrkiye resmi sitesiyle spor bahisleri, casino oyunlar\u0131 ve y\u00fcksek oranl\u0131 f\u0131rsatlar\u0131 ke\u015ffedin. G\u00fcvenli 1xbet g\u00fcncel giri\u015f adresi, TL ile \u00f6deme ve anl\u0131k destek burada, hemen kat\u0131l\u0131n ve kazanmaya ba\u015flay\u0131n.\" \/>\n<meta property=\"og:url\" content=\"https:\/\/casino-bk-site54.top\/tr\/\" \/>\n<meta property=\"og:site_name\" content=\"casino-bk-site54.top\" \/>\n<meta name=\"twitter:card\" content=\"summary_large_image\" \/>\n<script type=\"application\/ld+json\" class=\"yoast-schema-graph\">{\"@context\":\"https:\/\/schema.org\",\"@graph\":[{\"@type\":\"WebPage\",\"@id\":\"https:\/\/casino-bk-site54.top\/tr\/\",\"url\":\"https:\/\/casino-bk-site54.top\/tr\/\",\"name\":\"1xbet T\u00fcrkiye \u2013 g\u00fcncel giri\u015f, ve bonus f\u0131rsatlar\u0131 ile g\u00fcvenli ve keyifli oyunlar oynay\u0131n.\",\"isPartOf\":{\"@id\":\"https:\/\/casino-bk-site54.top\/#website\"},\"datePublished\":\"2025-11-11T08:17:14+00:00\",\"description\":\"1xbet T\u00fcrkiye resmi sitesiyle spor bahisleri, casino oyunlar\u0131 ve y\u00fcksek oranl\u0131 f\u0131rsatlar\u0131 ke\u015ffedin. G\u00fcvenli 1xbet g\u00fcncel giri\u015f adresi, TL ile \u00f6deme ve anl\u0131k destek burada, hemen kat\u0131l\u0131n ve kazanmaya ba\u015flay\u0131n.\",\"inLanguage\":\"ru-RU\",\"potentialAction\":[{\"@type\":\"ReadAction\",\"target\":[\"https:\/\/casino-bk-site54.top\/tr\/\"]}]},{\"@type\":\"WebSite\",\"@id\":\"https:\/\/casino-bk-site54.top\/#website\",\"url\":\"https:\/\/casino-bk-site54.top\/\",\"name\":\"casino-bk-site54.top\",\"description\":\"\",\"potentialAction\":[{\"@type\":\"SearchAction\",\"target\":{\"@type\":\"EntryPoint\",\"urlTemplate\":\"https:\/\/casino-bk-site54.top\/?s={search_term_string}\"},\"query-input\":{\"@type\":\"PropertyValueSpecification\",\"valueRequired\":true,\"valueName\":\"search_term_string\"}}],\"inLanguage\":\"ru-RU\"}]}<\/script>\n<!-- \/ Yoast SEO plugin. -->","yoast_head_json":{"title":"1xbet T\u00fcrkiye \u2013 g\u00fcncel giri\u015f, ve bonus f\u0131rsatlar\u0131 ile g\u00fcvenli ve keyifli oyunlar oynay\u0131n.","description":"1xbet T\u00fcrkiye resmi sitesiyle spor bahisleri, casino oyunlar\u0131 ve y\u00fcksek oranl\u0131 f\u0131rsatlar\u0131 ke\u015ffedin. G\u00fcvenli 1xbet g\u00fcncel giri\u015f adresi, TL ile \u00f6deme ve anl\u0131k destek burada, hemen kat\u0131l\u0131n ve kazanmaya ba\u015flay\u0131n.","robots":{"index":"index","follow":"follow","max-snippet":"max-snippet:-1","max-image-preview":"max-image-preview:large","max-video-preview":"max-video-preview:-1"},"canonical":"https:\/\/casino-bk-site54.top\/tr\/","og_locale":"ru_RU","og_type":"article","og_title":"1xbet T\u00fcrkiye \u2013 g\u00fcncel giri\u015f, ve bonus f\u0131rsatlar\u0131 ile g\u00fcvenli ve keyifli oyunlar oynay\u0131n.","og_description":"1xbet T\u00fcrkiye resmi sitesiyle spor bahisleri, casino oyunlar\u0131 ve y\u00fcksek oranl\u0131 f\u0131rsatlar\u0131 ke\u015ffedin. G\u00fcvenli 1xbet g\u00fcncel giri\u015f adresi, TL ile \u00f6deme ve anl\u0131k destek burada, hemen kat\u0131l\u0131n ve kazanmaya ba\u015flay\u0131n.","og_url":"https:\/\/casino-bk-site54.top\/tr\/","og_site_name":"casino-bk-site54.top","twitter_card":"summary_large_image","schema":{"@context":"https:\/\/schema.org","@graph":[{"@type":"WebPage","@id":"https:\/\/casino-bk-site54.top\/tr\/","url":"https:\/\/casino-bk-site54.top\/tr\/","name":"1xbet T\u00fcrkiye \u2013 g\u00fcncel giri\u015f, ve bonus f\u0131rsatlar\u0131 ile g\u00fcvenli ve keyifli oyunlar oynay\u0131n.","isPartOf":{"@id":"https:\/\/casino-bk-site54.top\/#website"},"datePublished":"2025-11-11T08:17:14+00:00","description":"1xbet T\u00fcrkiye resmi sitesiyle spor bahisleri, casino oyunlar\u0131 ve y\u00fcksek oranl\u0131 f\u0131rsatlar\u0131 ke\u015ffedin. G\u00fcvenli 1xbet g\u00fcncel giri\u015f adresi, TL ile \u00f6deme ve anl\u0131k destek burada, hemen kat\u0131l\u0131n ve kazanmaya ba\u015flay\u0131n.","inLanguage":"ru-RU","potentialAction":[{"@type":"ReadAction","target":["https:\/\/casino-bk-site54.top\/tr\/"]}]},{"@type":"WebSite","@id":"https:\/\/casino-bk-site54.top\/#website","url":"https:\/\/casino-bk-site54.top\/","name":"casino-bk-site54.top","description":"","potentialAction":[{"@type":"SearchAction","target":{"@type":"EntryPoint","urlTemplate":"https:\/\/casino-bk-site54.top\/?s={search_term_string}"},"query-input":{"@type":"PropertyValueSpecification","valueRequired":true,"valueName":"search_term_string"}}],"inLanguage":"ru-RU"}]}},"amp_enabled":true,"_links":{"self":[{"href":"https:\/\/casino-bk-site54.top\/wp-json\/wp\/v2\/pages\/2204","targetHints":{"allow":["GET"]}}],"collection":[{"href":"https:\/\/casino-bk-site54.top\/wp-json\/wp\/v2\/pages"}],"about":[{"href":"https:\/\/casino-bk-site54.top\/wp-json\/wp\/v2\/types\/page"}],"author":[{"embeddable":true,"href":"https:\/\/casino-bk-site54.top\/wp-json\/wp\/v2\/users\/1"}],"replies":[{"embeddable":true,"href":"https:\/\/casino-bk-site54.top\/wp-json\/wp\/v2\/comments?post=2204"}],"version-history":[{"count":1,"href":"https:\/\/casino-bk-site54.top\/wp-json\/wp\/v2\/pages\/2204\/revisions"}],"predecessor-version":[{"id":2205,"href":"https:\/\/casino-bk-site54.top\/wp-json\/wp\/v2\/pages\/2204\/revisions\/2205"}],"wp:attachment":[{"href":"https:\/\/casino-bk-site54.top\/wp-json\/wp\/v2\/media?parent=2204"}],"curies":[{"name":"wp","href":"https:\/\/api.w.org\/{rel}","templated":true}]}}