{"id":2206,"date":"2025-11-11T10:26:44","date_gmt":"2025-11-11T08:26:44","guid":{"rendered":"https:\/\/casino-bk-site54.top\/?page_id=2206"},"modified":"2025-11-11T10:26:44","modified_gmt":"2025-11-11T08:26:44","slug":"2206-2","status":"publish","type":"page","link":"https:\/\/casino-bk-site54.top\/az\/","title":{"rendered":""},"content":{"rendered":"","protected":false},"excerpt":{"rendered":"","protected":false},"author":1,"featured_media":0,"parent":0,"menu_order":0,"comment_status":"closed","ping_status":"closed","template":"home-new.php","meta":{"_acf_changed":false,"footnotes":""},"class_list":["post-2206","page","type-page","status-publish","hentry"],"acf":[],"yoast_head":"<!-- This site is optimized with the Yoast SEO plugin v26.9 - https:\/\/yoast.com\/product\/yoast-seo-wordpress\/ -->\n<title>1xbet Azerbaycan \u2013 giri\u015f v\u0259 bonus imkanlar\u0131 il\u0259 t\u0259hl\u00fck\u0259siz oyun t\u0259cr\u00fcb\u0259sind\u0259n z\u00f6vq al\u0131n.<\/title>\n<meta name=\"description\" content=\"1xbet Azerbaycan r\u0259smi sayt\u0131 il\u0259 idman m\u0259rcl\u0259ri v\u0259 kazino oyunlar\u0131ndan h\u0259zz al\u0131n. \u0130ndi 1xbet giri\u015f Azerbaycan edin, bonuslar qazan\u0131n v\u0259 t\u0259hl\u00fck\u0259siz oynay\u0131n, eyni zamanda daha \u00e7ox f\u00fcrs\u0259td\u0259n yararlan\u0131n.\" \/>\n<meta name=\"robots\" content=\"index, follow, max-snippet:-1, max-image-preview:large, max-video-preview:-1\" \/>\n<link rel=\"canonical\" href=\"https:\/\/casino-bk-site54.top\/az\/\" \/>\n<meta property=\"og:locale\" content=\"ru_RU\" \/>\n<meta property=\"og:type\" content=\"article\" \/>\n<meta property=\"og:title\" content=\"1xbet Azerbaycan \u2013 giri\u015f v\u0259 bonus imkanlar\u0131 il\u0259 t\u0259hl\u00fck\u0259siz oyun t\u0259cr\u00fcb\u0259sind\u0259n z\u00f6vq al\u0131n.\" \/>\n<meta property=\"og:description\" content=\"1xbet Azerbaycan r\u0259smi sayt\u0131 il\u0259 idman m\u0259rcl\u0259ri v\u0259 kazino oyunlar\u0131ndan h\u0259zz al\u0131n. \u0130ndi 1xbet giri\u015f Azerbaycan edin, bonuslar qazan\u0131n v\u0259 t\u0259hl\u00fck\u0259siz oynay\u0131n, eyni zamanda daha \u00e7ox f\u00fcrs\u0259td\u0259n yararlan\u0131n.\" \/>\n<meta property=\"og:url\" content=\"https:\/\/casino-bk-site54.top\/az\/\" \/>\n<meta property=\"og:site_name\" content=\"casino-bk-site54.top\" \/>\n<meta name=\"twitter:card\" content=\"summary_large_image\" \/>\n<script type=\"application\/ld+json\" class=\"yoast-schema-graph\">{\"@context\":\"https:\/\/schema.org\",\"@graph\":[{\"@type\":\"WebPage\",\"@id\":\"https:\/\/casino-bk-site54.top\/az\/\",\"url\":\"https:\/\/casino-bk-site54.top\/az\/\",\"name\":\"1xbet Azerbaycan \u2013 giri\u015f v\u0259 bonus imkanlar\u0131 il\u0259 t\u0259hl\u00fck\u0259siz oyun t\u0259cr\u00fcb\u0259sind\u0259n z\u00f6vq al\u0131n.\",\"isPartOf\":{\"@id\":\"https:\/\/casino-bk-site54.top\/#website\"},\"datePublished\":\"2025-11-11T08:26:44+00:00\",\"description\":\"1xbet Azerbaycan r\u0259smi sayt\u0131 il\u0259 idman m\u0259rcl\u0259ri v\u0259 kazino oyunlar\u0131ndan h\u0259zz al\u0131n. \u0130ndi 1xbet giri\u015f Azerbaycan edin, bonuslar qazan\u0131n v\u0259 t\u0259hl\u00fck\u0259siz oynay\u0131n, eyni zamanda daha \u00e7ox f\u00fcrs\u0259td\u0259n yararlan\u0131n.\",\"inLanguage\":\"ru-RU\",\"potentialAction\":[{\"@type\":\"ReadAction\",\"target\":[\"https:\/\/casino-bk-site54.top\/az\/\"]}]},{\"@type\":\"WebSite\",\"@id\":\"https:\/\/casino-bk-site54.top\/#website\",\"url\":\"https:\/\/casino-bk-site54.top\/\",\"name\":\"casino-bk-site54.top\",\"description\":\"\",\"potentialAction\":[{\"@type\":\"SearchAction\",\"target\":{\"@type\":\"EntryPoint\",\"urlTemplate\":\"https:\/\/casino-bk-site54.top\/?s={search_term_string}\"},\"query-input\":{\"@type\":\"PropertyValueSpecification\",\"valueRequired\":true,\"valueName\":\"search_term_string\"}}],\"inLanguage\":\"ru-RU\"}]}<\/script>\n<!-- \/ Yoast SEO plugin. -->","yoast_head_json":{"title":"1xbet Azerbaycan \u2013 giri\u015f v\u0259 bonus imkanlar\u0131 il\u0259 t\u0259hl\u00fck\u0259siz oyun t\u0259cr\u00fcb\u0259sind\u0259n z\u00f6vq al\u0131n.","description":"1xbet Azerbaycan r\u0259smi sayt\u0131 il\u0259 idman m\u0259rcl\u0259ri v\u0259 kazino oyunlar\u0131ndan h\u0259zz al\u0131n. \u0130ndi 1xbet giri\u015f Azerbaycan edin, bonuslar qazan\u0131n v\u0259 t\u0259hl\u00fck\u0259siz oynay\u0131n, eyni zamanda daha \u00e7ox f\u00fcrs\u0259td\u0259n yararlan\u0131n.","robots":{"index":"index","follow":"follow","max-snippet":"max-snippet:-1","max-image-preview":"max-image-preview:large","max-video-preview":"max-video-preview:-1"},"canonical":"https:\/\/casino-bk-site54.top\/az\/","og_locale":"ru_RU","og_type":"article","og_title":"1xbet Azerbaycan \u2013 giri\u015f v\u0259 bonus imkanlar\u0131 il\u0259 t\u0259hl\u00fck\u0259siz oyun t\u0259cr\u00fcb\u0259sind\u0259n z\u00f6vq al\u0131n.","og_description":"1xbet Azerbaycan r\u0259smi sayt\u0131 il\u0259 idman m\u0259rcl\u0259ri v\u0259 kazino oyunlar\u0131ndan h\u0259zz al\u0131n. \u0130ndi 1xbet giri\u015f Azerbaycan edin, bonuslar qazan\u0131n v\u0259 t\u0259hl\u00fck\u0259siz oynay\u0131n, eyni zamanda daha \u00e7ox f\u00fcrs\u0259td\u0259n yararlan\u0131n.","og_url":"https:\/\/casino-bk-site54.top\/az\/","og_site_name":"casino-bk-site54.top","twitter_card":"summary_large_image","schema":{"@context":"https:\/\/schema.org","@graph":[{"@type":"WebPage","@id":"https:\/\/casino-bk-site54.top\/az\/","url":"https:\/\/casino-bk-site54.top\/az\/","name":"1xbet Azerbaycan \u2013 giri\u015f v\u0259 bonus imkanlar\u0131 il\u0259 t\u0259hl\u00fck\u0259siz oyun t\u0259cr\u00fcb\u0259sind\u0259n z\u00f6vq al\u0131n.","isPartOf":{"@id":"https:\/\/casino-bk-site54.top\/#website"},"datePublished":"2025-11-11T08:26:44+00:00","description":"1xbet Azerbaycan r\u0259smi sayt\u0131 il\u0259 idman m\u0259rcl\u0259ri v\u0259 kazino oyunlar\u0131ndan h\u0259zz al\u0131n. \u0130ndi 1xbet giri\u015f Azerbaycan edin, bonuslar qazan\u0131n v\u0259 t\u0259hl\u00fck\u0259siz oynay\u0131n, eyni zamanda daha \u00e7ox f\u00fcrs\u0259td\u0259n yararlan\u0131n.","inLanguage":"ru-RU","potentialAction":[{"@type":"ReadAction","target":["https:\/\/casino-bk-site54.top\/az\/"]}]},{"@type":"WebSite","@id":"https:\/\/casino-bk-site54.top\/#website","url":"https:\/\/casino-bk-site54.top\/","name":"casino-bk-site54.top","description":"","potentialAction":[{"@type":"SearchAction","target":{"@type":"EntryPoint","urlTemplate":"https:\/\/casino-bk-site54.top\/?s={search_term_string}"},"query-input":{"@type":"PropertyValueSpecification","valueRequired":true,"valueName":"search_term_string"}}],"inLanguage":"ru-RU"}]}},"amp_enabled":true,"_links":{"self":[{"href":"https:\/\/casino-bk-site54.top\/wp-json\/wp\/v2\/pages\/2206","targetHints":{"allow":["GET"]}}],"collection":[{"href":"https:\/\/casino-bk-site54.top\/wp-json\/wp\/v2\/pages"}],"about":[{"href":"https:\/\/casino-bk-site54.top\/wp-json\/wp\/v2\/types\/page"}],"author":[{"embeddable":true,"href":"https:\/\/casino-bk-site54.top\/wp-json\/wp\/v2\/users\/1"}],"replies":[{"embeddable":true,"href":"https:\/\/casino-bk-site54.top\/wp-json\/wp\/v2\/comments?post=2206"}],"version-history":[{"count":1,"href":"https:\/\/casino-bk-site54.top\/wp-json\/wp\/v2\/pages\/2206\/revisions"}],"predecessor-version":[{"id":2207,"href":"https:\/\/casino-bk-site54.top\/wp-json\/wp\/v2\/pages\/2206\/revisions\/2207"}],"wp:attachment":[{"href":"https:\/\/casino-bk-site54.top\/wp-json\/wp\/v2\/media?parent=2206"}],"curies":[{"name":"wp","href":"https:\/\/api.w.org\/{rel}","templated":true}]}}