{"id":2230,"date":"2025-11-12T16:40:51","date_gmt":"2025-11-12T14:40:51","guid":{"rendered":"https:\/\/casino-bk-site54.top\/?page_id=2230"},"modified":"2025-11-12T16:40:51","modified_gmt":"2025-11-12T14:40:51","slug":"sorumlu-oyun","status":"publish","type":"page","link":"https:\/\/casino-bk-site54.top\/tr\/sorumlu-oyun\/","title":{"rendered":"Sorumlu Oyun"},"content":{"rendered":"<h1>Sorumlu Oyun<\/h1>\n<p data-start=\"192\" data-end=\"671\">Kumar oynamak keyifli olabilir, rahatlaman\u0131n ve duygular\u0131 deneyimlemenin bir yolu olabilir, ancak bu duygular kontrol alt\u0131nda tutuldu\u011funda. 1xBet olarak, sorumlu oyun ilkelerine ba\u011fl\u0131 kal\u0131yor ve bilin\u00e7li bir yakla\u015f\u0131m\u0131n g\u00fcvenli ve adil bir oyun deneyiminin tek yolu oldu\u011funa inan\u0131yoruz. Misyonumuz, kumar\u0131n y\u0131k\u0131c\u0131 de\u011fil, ilham verici oldu\u011fu, kullan\u0131c\u0131lar\u0131n platformla etkile\u015fimlerinin her a\u015famas\u0131nda kendilerini g\u00fcvende ve desteklenmi\u015f hissettikleri bir alan yaratmakt\u0131r.<\/p>\n<h3 data-start=\"678\" data-end=\"711\">Fark\u0131ndal\u0131k ve \u00d6z Kontrol<\/h3>\n<p data-start=\"713\" data-end=\"1365\">Sorumlu oyun oynamak, s\u00fcrecin \u00f6z\u00fcn\u00fc anlamakla ba\u015flar. Kumar, para kazanman\u0131n bir yolu veya finansal zorluklar\u0131 \u00e7\u00f6zmenin bir arac\u0131 de\u011fil, bir e\u011flence bi\u00e7imidir. Bu fikri her oyuncuya aktarmaya \u00e7al\u0131\u015f\u0131yoruz ve oyunun sonucunun her zaman \u015fansa ba\u011fl\u0131 oldu\u011funu, garantili bir galibiyete dayanmad\u0131\u011f\u0131n\u0131 a\u00e7\u0131kl\u0131yoruz. Web sitesi, g\u00fcvenli oyun prensipleri, ba\u011f\u0131ml\u0131l\u0131k belirtileri ve kontrol\u00fc korumaya yard\u0131mc\u0131 ad\u0131mlar hakk\u0131nda bilgilendirici materyaller sunuyor. Oyuncular ki\u015fisel limitler belirleyebilir, oturum s\u00fcrelerini y\u00f6netebilir ve ne zaman ara vereceklerine karar verebilirler. Bu \u00f6zellikler k\u0131s\u0131tlama de\u011fil, g\u00f6n\u00fcl rahatl\u0131\u011f\u0131n\u0131z i\u00e7in yarat\u0131lm\u0131\u015f f\u0131rsatlard\u0131r.<\/p>\n<h3 data-start=\"1372\" data-end=\"1404\">Oyuncu Bak\u0131m\u0131 ve Deste\u011fi<\/h3>\n<p data-start=\"1406\" data-end=\"1893\">Herkesin dinlenme ve iyile\u015fme hakk\u0131 vard\u0131r. Bazen ge\u00e7ici bir ara vermek en iyi \u00e7\u00f6z\u00fcmd\u00fcr. Bir &#171;duraklatma&#187; arac\u0131 sunuyoruz; belirli bir s\u00fcre i\u00e7in g\u00f6n\u00fcll\u00fc hesap dondurma. Bu s\u00fcre dinlenmek, \u00f6ncelikleri yeniden de\u011ferlendirmek ve oyuna yenilenmi\u015f bir odakla geri d\u00f6nmek i\u00e7in kullan\u0131labilir. T\u00fcm veriler kaydedilir ve duraklatma s\u00fcresi sona erdikten sonra kullan\u0131c\u0131 herhangi bir k\u0131s\u0131tlama olmadan oynamaya devam edebilir. Unutmamak \u00f6nemlidir: Kendinize iyi bakmak bir zay\u0131fl\u0131k de\u011fil, bir g\u00fc\u00e7 g\u00f6stergesidir.<\/p>\n<p data-start=\"1895\" data-end=\"2287\">1xBet destek ekibi, g\u00fcvenli oyunla ilgili t\u00fcm sorular\u0131n\u0131z\u0131 yan\u0131tlamak i\u00e7in 7\/24 hizmetinizdedir ve her zaman gizlilik ilkesine g\u00f6re \u00e7al\u0131\u015f\u0131r. Her t\u00fcrl\u00fc talebe sayg\u0131 duyuyor ve kumar ba\u011f\u0131ml\u0131l\u0131\u011f\u0131 belirtileri g\u00f6steren ki\u015filere destek sa\u011flayan profesyonel kurulu\u015flarla i\u015f birli\u011fi yap\u0131yoruz. Destek almak, yarg\u0131lamak de\u011fil, fark\u0131ndal\u0131\u011fa do\u011fru at\u0131lm\u0131\u015f bir ad\u0131md\u0131r.<\/p>\n<h3 data-start=\"2294\" data-end=\"2342\">\u0130leti\u015fimde D\u00fcr\u00fcstl\u00fck ve Sorumluluk<\/h3>\n<p data-start=\"2344\" data-end=\"2862\">1xBet, kullan\u0131c\u0131lar\u0131yla ileti\u015fimini \u015feffafl\u0131k ve etik ilkeleri \u00fczerine kurar. H\u0131zl\u0131 kazan\u00e7 vaat etmiyor, kolay para kazanma yan\u0131lsamas\u0131 yaratm\u0131yor veya risk almay\u0131 te\u015fvik etmiyoruz. T\u00fcm reklam ve bilgilendirme materyalleri, oyunun e\u011flenceli do\u011fas\u0131n\u0131 vurgulamay\u0131 ama\u00e7lamaktad\u0131r. Sald\u0131rgan tan\u0131t\u0131m y\u00f6ntemleri kullanm\u0131yor ve aktivitelerini s\u0131n\u0131rlama iste\u011fini dile getiren ki\u015filerle ileti\u015fime ge\u00e7miyoruz. Platformumuzun amac\u0131, a\u015f\u0131r\u0131 kat\u0131l\u0131m\u0131 te\u015fvik etmek de\u011fil, g\u00fcvenli bir oyun deneyimi sunmakt\u0131r.<\/p>\n<h3 data-start=\"2869\" data-end=\"2909\">Heyecan ve ger\u00e7eklik aras\u0131nda denge<\/h3>\n<p data-start=\"2911\" data-end=\"3325\">Kumar hayat\u0131n bir par\u00e7as\u0131 olmal\u0131, anlam\u0131 de\u011fil. E\u011flence ve ki\u015fisel sorumluluklar, bahis oynama ilgisi ve ger\u00e7ek hayat meseleleri aras\u0131nda bir denge kurmak \u00f6nemlidir. Oyuncular\u0131n uyum aray\u0131\u015flar\u0131n\u0131 destekliyor ve onlara kumar\u0131n kaderini de\u011fi\u015ftirmenin bir yolu de\u011fil, bir rahatlama oldu\u011funu hat\u0131rlat\u0131yoruz. Kazanmak tatmin edici olabilir, ancak ger\u00e7ek keyif, s\u00fcrecin kendisinden, bask\u0131 olmadan ve rahat bir ortamda ger\u00e7ekle\u015fti\u011finde gelir.<\/p>\n<h3 data-start=\"3332\" data-end=\"3365\">Sorumlu Oyun K\u00fclt\u00fcr\u00fc<\/h3>\n<p data-start=\"3367\" data-end=\"3867\">Sorumlu oyun sadece bir kurallar dizisi de\u011fil, ayn\u0131 zamanda olgun bir risk y\u00f6netimi felsefesidir. Sayg\u0131, \u00f6z kontrol ve fark\u0131ndal\u0131\u011fa dayal\u0131 bir oyun k\u00fclt\u00fcr\u00fc geli\u015ftirmeye \u00e7al\u0131\u015f\u0131yoruz. Her oyuncu ba\u011f\u0131ms\u0131z bir bireydir ve deneyimini yaln\u0131zca onlar belirler. \u0130nsanlar\u0131n kendilerine veya ba\u015fkalar\u0131na zarar vermeden kumar heyecan\u0131n\u0131n tad\u0131n\u0131 \u00e7\u0131karabilecekleri bir ortam yarat\u0131yoruz. Bu felsefede ba\u011f\u0131ml\u0131l\u0131\u011fa veya d\u00fc\u015f\u00fcncesizli\u011fe yer yoktur; yaln\u0131zca bilgi, destek ve sayg\u0131yla desteklenen bilin\u00e7li se\u00e7imlere yer vard\u0131r.<\/p>\n<h3 data-start=\"3874\" data-end=\"3890\">Sonu\u00e7<\/h3>\n<p data-start=\"3892\" data-end=\"4252\">Oyun, stres de\u011fil, ne\u015fe kayna\u011f\u0131 olmal\u0131d\u0131r. Sorumlu oyun, karar\u0131n kullan\u0131c\u0131ya ait oldu\u011fu, \u00f6zg\u00fcrl\u00fc\u011fe ve \u00f6zg\u00fcvene giden bir yoldur. Kendine ve s\u0131n\u0131rlar\u0131na sayg\u0131n\u0131n her \u015feyden \u00f6nce geldi\u011fi bir platform in\u015fa ediyoruz. \u00d6nceliklerimiz \u015feffafl\u0131k, destek ve g\u00fcvenliktir, \u00e7\u00fcnk\u00fc ger\u00e7ek zafer, bilin\u00e7li bir \u015fekilde oynayabilme becerisinde yatar.<\/p>\n","protected":false},"excerpt":{"rendered":"<p>Sorumlu Oyun Kumar oynamak keyifli olabilir, rahatlaman\u0131n ve duygular\u0131 deneyimlemenin bir yolu olabilir, ancak bu duygular kontrol alt\u0131nda tutuldu\u011funda. 1xBet olarak, sorumlu oyun ilkelerine ba\u011fl\u0131 kal\u0131yor ve bilin\u00e7li bir yakla\u015f\u0131m\u0131n g\u00fcvenli ve adil bir oyun deneyiminin tek yolu oldu\u011funa inan\u0131yoruz. Misyonumuz, kumar\u0131n y\u0131k\u0131c\u0131 de\u011fil, ilham verici oldu\u011fu, kullan\u0131c\u0131lar\u0131n platformla etkile\u015fimlerinin her a\u015famas\u0131nda kendilerini g\u00fcvende ve [&hellip;]<\/p>\n","protected":false},"author":1,"featured_media":0,"parent":0,"menu_order":0,"comment_status":"closed","ping_status":"closed","template":"","meta":{"_acf_changed":false,"footnotes":""},"class_list":["post-2230","page","type-page","status-publish","hentry"],"acf":[],"yoast_head":"<!-- This site is optimized with the Yoast SEO plugin v26.9 - https:\/\/yoast.com\/product\/yoast-seo-wordpress\/ -->\n<title>Sorumlu Oyun | 1xbet<\/title>\n<meta name=\"robots\" content=\"index, follow, max-snippet:-1, max-image-preview:large, max-video-preview:-1\" \/>\n<link rel=\"canonical\" href=\"https:\/\/casino-bk-site54.top\/tr\/sorumlu-oyun\/\" \/>\n<meta property=\"og:locale\" content=\"ru_RU\" \/>\n<meta property=\"og:type\" content=\"article\" \/>\n<meta property=\"og:title\" content=\"Sorumlu Oyun | 1xbet\" \/>\n<meta property=\"og:description\" content=\"Sorumlu Oyun Kumar oynamak keyifli olabilir, rahatlaman\u0131n ve duygular\u0131 deneyimlemenin bir yolu olabilir, ancak bu duygular kontrol alt\u0131nda tutuldu\u011funda. 1xBet olarak, sorumlu oyun ilkelerine ba\u011fl\u0131 kal\u0131yor ve bilin\u00e7li bir yakla\u015f\u0131m\u0131n g\u00fcvenli ve adil bir oyun deneyiminin tek yolu oldu\u011funa inan\u0131yoruz. Misyonumuz, kumar\u0131n y\u0131k\u0131c\u0131 de\u011fil, ilham verici oldu\u011fu, kullan\u0131c\u0131lar\u0131n platformla etkile\u015fimlerinin her a\u015famas\u0131nda kendilerini g\u00fcvende ve [&hellip;]\" \/>\n<meta property=\"og:url\" content=\"https:\/\/casino-bk-site54.top\/tr\/sorumlu-oyun\/\" \/>\n<meta property=\"og:site_name\" content=\"casino-bk-site54.top\" \/>\n<meta name=\"twitter:card\" content=\"summary_large_image\" \/>\n<script type=\"application\/ld+json\" class=\"yoast-schema-graph\">{\"@context\":\"https:\/\/schema.org\",\"@graph\":[{\"@type\":\"WebPage\",\"@id\":\"https:\/\/casino-bk-site54.top\/tr\/sorumlu-oyun\/\",\"url\":\"https:\/\/casino-bk-site54.top\/tr\/sorumlu-oyun\/\",\"name\":\"Sorumlu Oyun | 1xbet\",\"isPartOf\":{\"@id\":\"https:\/\/casino-bk-site54.top\/#website\"},\"datePublished\":\"2025-11-12T14:40:51+00:00\",\"breadcrumb\":{\"@id\":\"https:\/\/casino-bk-site54.top\/tr\/sorumlu-oyun\/#breadcrumb\"},\"inLanguage\":\"ru-RU\",\"potentialAction\":[{\"@type\":\"ReadAction\",\"target\":[\"https:\/\/casino-bk-site54.top\/tr\/sorumlu-oyun\/\"]}]},{\"@type\":\"BreadcrumbList\",\"@id\":\"https:\/\/casino-bk-site54.top\/tr\/sorumlu-oyun\/#breadcrumb\",\"itemListElement\":[{\"@type\":\"ListItem\",\"position\":1,\"name\":\"\u0413\u043b\u0430\u0432\u043d\u0430\u044f \u0441\u0442\u0440\u0430\u043d\u0438\u0446\u0430\",\"item\":\"https:\/\/casino-bk-site54.top\/\"},{\"@type\":\"ListItem\",\"position\":2,\"name\":\"Sorumlu Oyun\"}]},{\"@type\":\"WebSite\",\"@id\":\"https:\/\/casino-bk-site54.top\/#website\",\"url\":\"https:\/\/casino-bk-site54.top\/\",\"name\":\"casino-bk-site54.top\",\"description\":\"\",\"potentialAction\":[{\"@type\":\"SearchAction\",\"target\":{\"@type\":\"EntryPoint\",\"urlTemplate\":\"https:\/\/casino-bk-site54.top\/?s={search_term_string}\"},\"query-input\":{\"@type\":\"PropertyValueSpecification\",\"valueRequired\":true,\"valueName\":\"search_term_string\"}}],\"inLanguage\":\"ru-RU\"}]}<\/script>\n<!-- \/ Yoast SEO plugin. -->","yoast_head_json":{"title":"Sorumlu Oyun | 1xbet","robots":{"index":"index","follow":"follow","max-snippet":"max-snippet:-1","max-image-preview":"max-image-preview:large","max-video-preview":"max-video-preview:-1"},"canonical":"https:\/\/casino-bk-site54.top\/tr\/sorumlu-oyun\/","og_locale":"ru_RU","og_type":"article","og_title":"Sorumlu Oyun | 1xbet","og_description":"Sorumlu Oyun Kumar oynamak keyifli olabilir, rahatlaman\u0131n ve duygular\u0131 deneyimlemenin bir yolu olabilir, ancak bu duygular kontrol alt\u0131nda tutuldu\u011funda. 1xBet olarak, sorumlu oyun ilkelerine ba\u011fl\u0131 kal\u0131yor ve bilin\u00e7li bir yakla\u015f\u0131m\u0131n g\u00fcvenli ve adil bir oyun deneyiminin tek yolu oldu\u011funa inan\u0131yoruz. Misyonumuz, kumar\u0131n y\u0131k\u0131c\u0131 de\u011fil, ilham verici oldu\u011fu, kullan\u0131c\u0131lar\u0131n platformla etkile\u015fimlerinin her a\u015famas\u0131nda kendilerini g\u00fcvende ve [&hellip;]","og_url":"https:\/\/casino-bk-site54.top\/tr\/sorumlu-oyun\/","og_site_name":"casino-bk-site54.top","twitter_card":"summary_large_image","schema":{"@context":"https:\/\/schema.org","@graph":[{"@type":"WebPage","@id":"https:\/\/casino-bk-site54.top\/tr\/sorumlu-oyun\/","url":"https:\/\/casino-bk-site54.top\/tr\/sorumlu-oyun\/","name":"Sorumlu Oyun | 1xbet","isPartOf":{"@id":"https:\/\/casino-bk-site54.top\/#website"},"datePublished":"2025-11-12T14:40:51+00:00","breadcrumb":{"@id":"https:\/\/casino-bk-site54.top\/tr\/sorumlu-oyun\/#breadcrumb"},"inLanguage":"ru-RU","potentialAction":[{"@type":"ReadAction","target":["https:\/\/casino-bk-site54.top\/tr\/sorumlu-oyun\/"]}]},{"@type":"BreadcrumbList","@id":"https:\/\/casino-bk-site54.top\/tr\/sorumlu-oyun\/#breadcrumb","itemListElement":[{"@type":"ListItem","position":1,"name":"\u0413\u043b\u0430\u0432\u043d\u0430\u044f \u0441\u0442\u0440\u0430\u043d\u0438\u0446\u0430","item":"https:\/\/casino-bk-site54.top\/"},{"@type":"ListItem","position":2,"name":"Sorumlu Oyun"}]},{"@type":"WebSite","@id":"https:\/\/casino-bk-site54.top\/#website","url":"https:\/\/casino-bk-site54.top\/","name":"casino-bk-site54.top","description":"","potentialAction":[{"@type":"SearchAction","target":{"@type":"EntryPoint","urlTemplate":"https:\/\/casino-bk-site54.top\/?s={search_term_string}"},"query-input":{"@type":"PropertyValueSpecification","valueRequired":true,"valueName":"search_term_string"}}],"inLanguage":"ru-RU"}]}},"amp_enabled":true,"_links":{"self":[{"href":"https:\/\/casino-bk-site54.top\/wp-json\/wp\/v2\/pages\/2230","targetHints":{"allow":["GET"]}}],"collection":[{"href":"https:\/\/casino-bk-site54.top\/wp-json\/wp\/v2\/pages"}],"about":[{"href":"https:\/\/casino-bk-site54.top\/wp-json\/wp\/v2\/types\/page"}],"author":[{"embeddable":true,"href":"https:\/\/casino-bk-site54.top\/wp-json\/wp\/v2\/users\/1"}],"replies":[{"embeddable":true,"href":"https:\/\/casino-bk-site54.top\/wp-json\/wp\/v2\/comments?post=2230"}],"version-history":[{"count":1,"href":"https:\/\/casino-bk-site54.top\/wp-json\/wp\/v2\/pages\/2230\/revisions"}],"predecessor-version":[{"id":2231,"href":"https:\/\/casino-bk-site54.top\/wp-json\/wp\/v2\/pages\/2230\/revisions\/2231"}],"wp:attachment":[{"href":"https:\/\/casino-bk-site54.top\/wp-json\/wp\/v2\/media?parent=2230"}],"curies":[{"name":"wp","href":"https:\/\/api.w.org\/{rel}","templated":true}]}}