{"id":2232,"date":"2025-11-12T16:41:23","date_gmt":"2025-11-12T14:41:23","guid":{"rendered":"https:\/\/casino-bk-site54.top\/?page_id=2232"},"modified":"2025-11-12T16:41:23","modified_gmt":"2025-11-12T14:41:23","slug":"m%c9%99suliyy%c9%99tli-oyunlar","status":"publish","type":"page","link":"https:\/\/casino-bk-site54.top\/az\/m%c9%99suliyy%c9%99tli-oyunlar\/","title":{"rendered":"M\u0259suliyy\u0259tli Oyunlar"},"content":{"rendered":"<h1>M\u0259suliyy\u0259tli Oyunlar<\/h1>\n<p data-start=\"192\" data-end=\"671\">Qumar oynamaq xo\u015f, istirah\u0259t etm\u0259k v\u0259 emosiyalar\u0131 ya\u015famaq \u00fc\u00e7\u00fcn bir yol ola bil\u0259r, ancaq bu emosiyalar n\u0259zar\u0259t alt\u0131nda saxlan\u0131ld\u0131qda. 1xBet-d\u0259 biz m\u0259suliyy\u0259tli oyun prinsipl\u0259rin\u0259 sadiqik v\u0259 inan\u0131r\u0131q ki, diqq\u0259tli yana\u015fma t\u0259hl\u00fck\u0259siz v\u0259 \u0259dal\u0259tli oyun t\u0259cr\u00fcb\u0259sinin yegan\u0259 yoludur. Missiyam\u0131z qumar\u0131n m\u0259hv etm\u0259diyi, \u0259ksin\u0259 ilham verdiyi, istifad\u0259\u00e7il\u0259rin platforma il\u0259 qar\u015f\u0131l\u0131ql\u0131 \u0259laq\u0259l\u0259rinin h\u0259r m\u0259rh\u0259l\u0259sind\u0259 \u00f6zl\u0259rini inaml\u0131 v\u0259 d\u0259st\u0259kl\u0259nmi\u015f hiss etdikl\u0259ri bir m\u0259kan yaratmaqd\u0131r.<\/p>\n<h3 data-start=\"678\" data-end=\"711\">Diqq\u0259tlilik v\u0259 \u00d6z\u00fcn\u0259n\u0259zar\u0259t<\/h3>\n<p data-start=\"713\" data-end=\"1365\">M\u0259suliyy\u0259tli oyun prosesin mahiyy\u0259tini anlamaqla ba\u015flay\u0131r. Qumar pul qazanmaq v\u0259 ya maliyy\u0259 \u00e7\u0259tinlikl\u0259rini h\u0259ll etm\u0259k \u00fc\u00e7\u00fcn bir vasit\u0259 deyil, istirah\u0259t formas\u0131d\u0131r. Bu ideyan\u0131 h\u0259r bir oyun\u00e7uya \u00e7atd\u0131rma\u011fa \u00e7al\u0131\u015f\u0131r\u0131q v\u0259 izah edirik ki, oyunun n\u0259tic\u0259si h\u0259mi\u015f\u0259 \u015fansa \u0259saslan\u0131r, z\u0259man\u0259tli q\u0259l\u0259b\u0259y\u0259 deyil. Veb sayt t\u0259hl\u00fck\u0259siz oyun prinsipl\u0259ri, as\u0131l\u0131l\u0131q \u0259lam\u0259tl\u0259ri v\u0259 n\u0259zar\u0259ti qoruma\u011fa k\u00f6m\u0259k ed\u0259n add\u0131mlar haqq\u0131nda m\u0259lumatland\u0131r\u0131c\u0131 materiallar t\u0259qdim edir. Oyun\u00e7ular \u015f\u0259xsi limitl\u0259r t\u0259yin ed\u0259, sessiya m\u00fcdd\u0259tl\u0259rini idar\u0259 ed\u0259 v\u0259 n\u0259 vaxt fasil\u0259 ver\u0259c\u0259yin\u0259 q\u0259rar ver\u0259 bil\u0259rl\u0259r. Bu x\u00fcsusiyy\u0259tl\u0259r m\u0259hdudiyy\u0259tl\u0259r deyil, sizin rahatl\u0131\u011f\u0131n\u0131z \u00fc\u00e7\u00fcn yarad\u0131lm\u0131\u015f imkanlard\u0131r.<\/p>\n<h3 data-start=\"1372\" data-end=\"1404\">Oyun\u00e7uya Qay\u011f\u0131 v\u0259 D\u0259st\u0259k<\/h3>\n<p data-start=\"1406\" data-end=\"1893\">H\u0259r k\u0259sin istirah\u0259t etm\u0259k v\u0259 sa\u011falmaq h\u00fcququ var. B\u0259z\u0259n m\u00fcv\u0259qq\u0259ti fasil\u0259 \u0259n yax\u015f\u0131 h\u0259ll yoludur. Biz &#171;fasil\u0259&#187; al\u0259ti &#8212; se\u00e7ilmi\u015f m\u00fcdd\u0259t \u00fc\u00e7\u00fcn k\u00f6n\u00fcll\u00fc hesab\u0131n dayand\u0131r\u0131lmas\u0131 t\u0259klif edirik. Bu vaxt istirah\u0259t etm\u0259k, prioritetl\u0259ri yenid\u0259n qiym\u0259tl\u0259ndirm\u0259k v\u0259 oyuna yenil\u0259nmi\u015f diqq\u0259t yetirm\u0259k \u00fc\u00e7\u00fcn istifad\u0259 edil\u0259 bil\u0259r. B\u00fct\u00fcn m\u0259lumatlar yadda saxlan\u0131l\u0131r v\u0259 fasil\u0259 m\u00fcdd\u0259ti bitdikd\u0259n sonra istifad\u0259\u00e7i m\u0259hdudiyy\u0259tsiz oynama\u011fa davam ed\u0259 bil\u0259r. Yadda saxlamaq vacibdir: \u00f6z\u00fcn\u00fcz\u0259 qay\u011f\u0131 g\u00f6st\u0259rm\u0259k z\u0259iflik deyil, g\u00fcc \u0259lam\u0259tidir.<\/p>\n<p data-start=\"1895\" data-end=\"2287\">1xBet d\u0259st\u0259k qrupu t\u0259hl\u00fck\u0259siz oyunla ba\u011fl\u0131 h\u0259r hans\u0131 bir sual\u0131 cavabland\u0131rmaq \u00fc\u00e7\u00fcn 24\/7 m\u00f6vcuddur v\u0259 h\u0259mi\u015f\u0259 m\u0259xfi \u015f\u0259kild\u0259 f\u0259aliyy\u0259t g\u00f6st\u0259rir. Biz h\u0259r bir sor\u011fuya h\u00f6rm\u0259tl\u0259 yana\u015f\u0131r\u0131q v\u0259 qumar as\u0131l\u0131l\u0131\u011f\u0131 \u0259lam\u0259tl\u0259ri ya\u015fayan insanlara k\u00f6m\u0259k g\u00f6st\u0259r\u0259n pe\u015f\u0259kar t\u0259\u015fkilatlarla t\u0259r\u0259fda\u015fl\u0131q edirik. D\u0259st\u0259k axtarmaq m\u00fchakim\u0259 deyil, m\u0259lumatl\u0131l\u0131\u011fa do\u011fru bir add\u0131md\u0131r.<\/p>\n<h3 data-start=\"2294\" data-end=\"2342\">\u00dcnsiyy\u0259td\u0259 d\u00fcr\u00fcstl\u00fck v\u0259 m\u0259suliyy\u0259t<\/h3>\n<p data-start=\"2344\" data-end=\"2862\">1xBet istifad\u0259\u00e7il\u0259rl\u0259 \u00fcnsiyy\u0259tini \u015f\u0259ffafl\u0131q v\u0259 etika prinsipl\u0259ri \u00fcz\u0259rind\u0259 qurur. Biz tez qazanc v\u0259d etmirik, asan pul ill\u00fcziyalar\u0131 yaratm\u0131r\u0131q v\u0259 ya risk g\u00f6t\u00fcrm\u0259yi t\u0259\u015fviq etmirik. B\u00fct\u00fcn reklam v\u0259 m\u0259lumatland\u0131r\u0131c\u0131 materiallar oyunun \u0259yl\u0259nc\u0259li t\u0259bi\u0259tini vur\u011fulama\u011fa y\u00f6n\u0259lib. Biz aqressiv t\u0259\u015fviqat metodlar\u0131ndan istifad\u0259 etmirik v\u0259 f\u0259aliyy\u0259tl\u0259rini m\u0259hdudla\u015fd\u0131rmaq ist\u0259dikl\u0259rini bildir\u0259n insanlarla \u0259laq\u0259 saxlam\u0131r\u0131q. Platformam\u0131z\u0131n m\u0259qs\u0259di h\u0259ddind\u0259n art\u0131q i\u015ftirak\u0131 t\u0259\u015fviq etm\u0259k deyil, t\u0259hl\u00fck\u0259siz oyun t\u0259cr\u00fcb\u0259si t\u0259min etm\u0259kdir.<\/p>\n<h3 data-start=\"2869\" data-end=\"2909\">H\u0259y\u0259can v\u0259 reall\u0131q aras\u0131nda tarazl\u0131q<\/h3>\n<p data-start=\"2911\" data-end=\"3325\">Qumar h\u0259yat\u0131n m\u0259nas\u0131 deyil, bir hiss\u0259si olaraq qalmal\u0131d\u0131r. \u018fyl\u0259nc\u0259 v\u0259 \u015f\u0259xsi m\u0259suliyy\u0259tl\u0259r, m\u0259rc oyunlar\u0131na maraq v\u0259 real h\u0259yat m\u0259s\u0259l\u0259l\u0259ri aras\u0131nda tarazl\u0131\u011f\u0131 qorumaq vacibdir. Oyun\u00e7ular\u0131 harmoniya axtar\u0131\u015f\u0131nda d\u0259st\u0259kl\u0259yirik v\u0259 onlara qumar\u0131n taleyini d\u0259yi\u015fdirm\u0259k \u00fc\u00e7\u00fcn bir vasit\u0259 deyil, istirah\u0259t oldu\u011funu xat\u0131rlad\u0131r\u0131q. Qazanmaq m\u0259mnunedici ola bil\u0259r, amma \u0259sl z\u00f6vq prosesin \u00f6z\u00fcnd\u0259n, t\u0259zyiq olmadan v\u0259 rahat bir m\u00fchitd\u0259 ba\u015f verdikd\u0259 g\u0259lir.<\/p>\n<h3 data-start=\"3332\" data-end=\"3365\">M\u0259suliyy\u0259tli Oyun M\u0259d\u0259niyy\u0259ti<\/h3>\n<p data-start=\"3367\" data-end=\"3867\">M\u0259suliyy\u0259tli oyun yaln\u0131z bir s\u0131ra qaydalar deyil, h\u0259m d\u0259 yetkin riskl\u0259rin idar\u0259 edilm\u0259si f\u0259ls\u0259f\u0259sidir. Biz h\u00f6rm\u0259t\u0259, \u00f6z\u00fcn\u0259n\u0259zar\u0259t\u0259 v\u0259 \u015f\u00fcurlulu\u011fa \u0259saslanan oyun m\u0259d\u0259niyy\u0259ti inki\u015faf etdirm\u0259y\u0259 \u00e7al\u0131\u015f\u0131r\u0131q. H\u0259r bir oyun\u00e7u m\u00fcst\u0259qil bir f\u0259rddir v\u0259 yaln\u0131z \u00f6z\u00fc \u00f6z t\u0259cr\u00fcb\u0259sini m\u00fc\u0259yy\u0259n edir. \u0130nsanlar\u0131n \u00f6zl\u0259rin\u0259 v\u0259 ya ba\u015fqalar\u0131na z\u0259r\u0259r verm\u0259d\u0259n qumar h\u0259y\u0259can\u0131ndan h\u0259zz ala bil\u0259c\u0259yi bir m\u00fchit yarad\u0131r\u0131q. Bu f\u0259ls\u0259f\u0259d\u0259 as\u0131l\u0131l\u0131q v\u0259 ya a\u011f\u0131ls\u0131zl\u0131\u011fa yer yoxdur &#8212; yaln\u0131z bilik, d\u0259st\u0259k v\u0259 h\u00f6rm\u0259tl\u0259 d\u0259st\u0259kl\u0259n\u0259n \u015f\u00fcurlu se\u00e7imdir.<\/p>\n<h3 data-start=\"3874\" data-end=\"3890\">N\u0259tic\u0259<\/h3>\n<p data-start=\"3892\" data-end=\"4252\">Oyun stress deyil, sevinc m\u0259nb\u0259yi olaraq qalmal\u0131d\u0131r. M\u0259suliyy\u0259tli oyun, q\u0259rar\u0131n istifad\u0259\u00e7iy\u0259 aid oldu\u011fu azadl\u0131\u011fa v\u0259 \u00f6z\u00fcn\u0259inam yoludur. \u00d6z\u00fcn\u0259 v\u0259 s\u0259rh\u0259dl\u0259rin\u0259 h\u00f6rm\u0259tin birinci yerd\u0259 oldu\u011fu bir platforma qururuq. Prioritetl\u0259rimiz \u015f\u0259ffafl\u0131q, d\u0259st\u0259k v\u0259 t\u0259hl\u00fck\u0259sizlikdir, \u00e7\u00fcnki \u0259sl q\u0259l\u0259b\u0259 \u015f\u00fcurlu oynamaq qabiliyy\u0259tind\u0259n as\u0131l\u0131d\u0131r.<\/p>\n","protected":false},"excerpt":{"rendered":"<p>M\u0259suliyy\u0259tli Oyunlar Qumar oynamaq xo\u015f, istirah\u0259t etm\u0259k v\u0259 emosiyalar\u0131 ya\u015famaq \u00fc\u00e7\u00fcn bir yol ola bil\u0259r, ancaq bu emosiyalar n\u0259zar\u0259t alt\u0131nda saxlan\u0131ld\u0131qda. 1xBet-d\u0259 biz m\u0259suliyy\u0259tli oyun prinsipl\u0259rin\u0259 sadiqik v\u0259 inan\u0131r\u0131q ki, diqq\u0259tli yana\u015fma t\u0259hl\u00fck\u0259siz v\u0259 \u0259dal\u0259tli oyun t\u0259cr\u00fcb\u0259sinin yegan\u0259 yoludur. Missiyam\u0131z qumar\u0131n m\u0259hv etm\u0259diyi, \u0259ksin\u0259 ilham verdiyi, istifad\u0259\u00e7il\u0259rin platforma il\u0259 qar\u015f\u0131l\u0131ql\u0131 \u0259laq\u0259l\u0259rinin h\u0259r m\u0259rh\u0259l\u0259sind\u0259 \u00f6zl\u0259rini inaml\u0131 [&hellip;]<\/p>\n","protected":false},"author":1,"featured_media":0,"parent":0,"menu_order":0,"comment_status":"closed","ping_status":"closed","template":"","meta":{"_acf_changed":false,"footnotes":""},"class_list":["post-2232","page","type-page","status-publish","hentry"],"acf":[],"yoast_head":"<!-- This site is optimized with the Yoast SEO plugin v26.9 - https:\/\/yoast.com\/product\/yoast-seo-wordpress\/ -->\n<title>M\u0259suliyy\u0259tli Oyunlar | 1xbet<\/title>\n<meta name=\"robots\" content=\"index, follow, max-snippet:-1, max-image-preview:large, max-video-preview:-1\" \/>\n<link rel=\"canonical\" href=\"https:\/\/casino-bk-site54.top\/az\/m\u0259suliyy\u0259tli-oyunlar\/\" \/>\n<meta property=\"og:locale\" content=\"ru_RU\" \/>\n<meta property=\"og:type\" content=\"article\" \/>\n<meta property=\"og:title\" content=\"M\u0259suliyy\u0259tli Oyunlar | 1xbet\" \/>\n<meta property=\"og:description\" content=\"M\u0259suliyy\u0259tli Oyunlar Qumar oynamaq xo\u015f, istirah\u0259t etm\u0259k v\u0259 emosiyalar\u0131 ya\u015famaq \u00fc\u00e7\u00fcn bir yol ola bil\u0259r, ancaq bu emosiyalar n\u0259zar\u0259t alt\u0131nda saxlan\u0131ld\u0131qda. 1xBet-d\u0259 biz m\u0259suliyy\u0259tli oyun prinsipl\u0259rin\u0259 sadiqik v\u0259 inan\u0131r\u0131q ki, diqq\u0259tli yana\u015fma t\u0259hl\u00fck\u0259siz v\u0259 \u0259dal\u0259tli oyun t\u0259cr\u00fcb\u0259sinin yegan\u0259 yoludur. Missiyam\u0131z qumar\u0131n m\u0259hv etm\u0259diyi, \u0259ksin\u0259 ilham verdiyi, istifad\u0259\u00e7il\u0259rin platforma il\u0259 qar\u015f\u0131l\u0131ql\u0131 \u0259laq\u0259l\u0259rinin h\u0259r m\u0259rh\u0259l\u0259sind\u0259 \u00f6zl\u0259rini inaml\u0131 [&hellip;]\" \/>\n<meta property=\"og:url\" content=\"https:\/\/casino-bk-site54.top\/az\/m\u0259suliyy\u0259tli-oyunlar\/\" \/>\n<meta property=\"og:site_name\" content=\"casino-bk-site54.top\" \/>\n<meta name=\"twitter:card\" content=\"summary_large_image\" \/>\n<script type=\"application\/ld+json\" class=\"yoast-schema-graph\">{\"@context\":\"https:\/\/schema.org\",\"@graph\":[{\"@type\":\"WebPage\",\"@id\":\"https:\/\/casino-bk-site54.top\/az\/m%c9%99suliyy%c9%99tli-oyunlar\/\",\"url\":\"https:\/\/casino-bk-site54.top\/az\/m%c9%99suliyy%c9%99tli-oyunlar\/\",\"name\":\"M\u0259suliyy\u0259tli Oyunlar | 1xbet\",\"isPartOf\":{\"@id\":\"https:\/\/casino-bk-site54.top\/#website\"},\"datePublished\":\"2025-11-12T14:41:23+00:00\",\"breadcrumb\":{\"@id\":\"https:\/\/casino-bk-site54.top\/az\/m%c9%99suliyy%c9%99tli-oyunlar\/#breadcrumb\"},\"inLanguage\":\"ru-RU\",\"potentialAction\":[{\"@type\":\"ReadAction\",\"target\":[\"https:\/\/casino-bk-site54.top\/az\/m%c9%99suliyy%c9%99tli-oyunlar\/\"]}]},{\"@type\":\"BreadcrumbList\",\"@id\":\"https:\/\/casino-bk-site54.top\/az\/m%c9%99suliyy%c9%99tli-oyunlar\/#breadcrumb\",\"itemListElement\":[{\"@type\":\"ListItem\",\"position\":1,\"name\":\"\u0413\u043b\u0430\u0432\u043d\u0430\u044f \u0441\u0442\u0440\u0430\u043d\u0438\u0446\u0430\",\"item\":\"https:\/\/casino-bk-site54.top\/\"},{\"@type\":\"ListItem\",\"position\":2,\"name\":\"M\u0259suliyy\u0259tli Oyunlar\"}]},{\"@type\":\"WebSite\",\"@id\":\"https:\/\/casino-bk-site54.top\/#website\",\"url\":\"https:\/\/casino-bk-site54.top\/\",\"name\":\"casino-bk-site54.top\",\"description\":\"\",\"potentialAction\":[{\"@type\":\"SearchAction\",\"target\":{\"@type\":\"EntryPoint\",\"urlTemplate\":\"https:\/\/casino-bk-site54.top\/?s={search_term_string}\"},\"query-input\":{\"@type\":\"PropertyValueSpecification\",\"valueRequired\":true,\"valueName\":\"search_term_string\"}}],\"inLanguage\":\"ru-RU\"}]}<\/script>\n<!-- \/ Yoast SEO plugin. -->","yoast_head_json":{"title":"M\u0259suliyy\u0259tli Oyunlar | 1xbet","robots":{"index":"index","follow":"follow","max-snippet":"max-snippet:-1","max-image-preview":"max-image-preview:large","max-video-preview":"max-video-preview:-1"},"canonical":"https:\/\/casino-bk-site54.top\/az\/m\u0259suliyy\u0259tli-oyunlar\/","og_locale":"ru_RU","og_type":"article","og_title":"M\u0259suliyy\u0259tli Oyunlar | 1xbet","og_description":"M\u0259suliyy\u0259tli Oyunlar Qumar oynamaq xo\u015f, istirah\u0259t etm\u0259k v\u0259 emosiyalar\u0131 ya\u015famaq \u00fc\u00e7\u00fcn bir yol ola bil\u0259r, ancaq bu emosiyalar n\u0259zar\u0259t alt\u0131nda saxlan\u0131ld\u0131qda. 1xBet-d\u0259 biz m\u0259suliyy\u0259tli oyun prinsipl\u0259rin\u0259 sadiqik v\u0259 inan\u0131r\u0131q ki, diqq\u0259tli yana\u015fma t\u0259hl\u00fck\u0259siz v\u0259 \u0259dal\u0259tli oyun t\u0259cr\u00fcb\u0259sinin yegan\u0259 yoludur. Missiyam\u0131z qumar\u0131n m\u0259hv etm\u0259diyi, \u0259ksin\u0259 ilham verdiyi, istifad\u0259\u00e7il\u0259rin platforma il\u0259 qar\u015f\u0131l\u0131ql\u0131 \u0259laq\u0259l\u0259rinin h\u0259r m\u0259rh\u0259l\u0259sind\u0259 \u00f6zl\u0259rini inaml\u0131 [&hellip;]","og_url":"https:\/\/casino-bk-site54.top\/az\/m\u0259suliyy\u0259tli-oyunlar\/","og_site_name":"casino-bk-site54.top","twitter_card":"summary_large_image","schema":{"@context":"https:\/\/schema.org","@graph":[{"@type":"WebPage","@id":"https:\/\/casino-bk-site54.top\/az\/m%c9%99suliyy%c9%99tli-oyunlar\/","url":"https:\/\/casino-bk-site54.top\/az\/m%c9%99suliyy%c9%99tli-oyunlar\/","name":"M\u0259suliyy\u0259tli Oyunlar | 1xbet","isPartOf":{"@id":"https:\/\/casino-bk-site54.top\/#website"},"datePublished":"2025-11-12T14:41:23+00:00","breadcrumb":{"@id":"https:\/\/casino-bk-site54.top\/az\/m%c9%99suliyy%c9%99tli-oyunlar\/#breadcrumb"},"inLanguage":"ru-RU","potentialAction":[{"@type":"ReadAction","target":["https:\/\/casino-bk-site54.top\/az\/m%c9%99suliyy%c9%99tli-oyunlar\/"]}]},{"@type":"BreadcrumbList","@id":"https:\/\/casino-bk-site54.top\/az\/m%c9%99suliyy%c9%99tli-oyunlar\/#breadcrumb","itemListElement":[{"@type":"ListItem","position":1,"name":"\u0413\u043b\u0430\u0432\u043d\u0430\u044f \u0441\u0442\u0440\u0430\u043d\u0438\u0446\u0430","item":"https:\/\/casino-bk-site54.top\/"},{"@type":"ListItem","position":2,"name":"M\u0259suliyy\u0259tli Oyunlar"}]},{"@type":"WebSite","@id":"https:\/\/casino-bk-site54.top\/#website","url":"https:\/\/casino-bk-site54.top\/","name":"casino-bk-site54.top","description":"","potentialAction":[{"@type":"SearchAction","target":{"@type":"EntryPoint","urlTemplate":"https:\/\/casino-bk-site54.top\/?s={search_term_string}"},"query-input":{"@type":"PropertyValueSpecification","valueRequired":true,"valueName":"search_term_string"}}],"inLanguage":"ru-RU"}]}},"amp_enabled":true,"_links":{"self":[{"href":"https:\/\/casino-bk-site54.top\/wp-json\/wp\/v2\/pages\/2232","targetHints":{"allow":["GET"]}}],"collection":[{"href":"https:\/\/casino-bk-site54.top\/wp-json\/wp\/v2\/pages"}],"about":[{"href":"https:\/\/casino-bk-site54.top\/wp-json\/wp\/v2\/types\/page"}],"author":[{"embeddable":true,"href":"https:\/\/casino-bk-site54.top\/wp-json\/wp\/v2\/users\/1"}],"replies":[{"embeddable":true,"href":"https:\/\/casino-bk-site54.top\/wp-json\/wp\/v2\/comments?post=2232"}],"version-history":[{"count":1,"href":"https:\/\/casino-bk-site54.top\/wp-json\/wp\/v2\/pages\/2232\/revisions"}],"predecessor-version":[{"id":2233,"href":"https:\/\/casino-bk-site54.top\/wp-json\/wp\/v2\/pages\/2232\/revisions\/2233"}],"wp:attachment":[{"href":"https:\/\/casino-bk-site54.top\/wp-json\/wp\/v2\/media?parent=2232"}],"curies":[{"name":"wp","href":"https:\/\/api.w.org\/{rel}","templated":true}]}}