{"id":2234,"date":"2025-11-12T16:42:13","date_gmt":"2025-11-12T14:42:13","guid":{"rendered":"https:\/\/casino-bk-site54.top\/?page_id=2234"},"modified":"2025-11-12T16:42:13","modified_gmt":"2025-11-12T14:42:13","slug":"m%c9%99xfilik-siyas%c9%99ti","status":"publish","type":"page","link":"https:\/\/casino-bk-site54.top\/az\/m%c9%99xfilik-siyas%c9%99ti\/","title":{"rendered":"M\u0259xfilik Siyas\u0259ti"},"content":{"rendered":"<h1>M\u0259xfilik Siyas\u0259ti<\/h1>\n<p data-start=\"227\" data-end=\"599\">Biz h\u0259r bir istifad\u0259\u00e7inin \u015f\u0259xsi m\u0259lumatlar\u0131n\u0131n qorunmas\u0131 h\u00fcququna h\u00f6rm\u0259tl\u0259 yana\u015f\u0131r\u0131q v\u0259 onlar\u0131n emal\u0131nda maksimum \u015f\u0259ffafl\u0131\u011f\u0131 t\u0259min etm\u0259y\u0259 \u00e7al\u0131\u015f\u0131r\u0131q. Bu m\u0259xfilik siyas\u0259ti 1xBet platformas\u0131ndan istifad\u0259 ed\u0259rk\u0259n hans\u0131 m\u0259lumatlar\u0131n topland\u0131\u011f\u0131n\u0131, nec\u0259 istifad\u0259 olundu\u011funu, saxlan\u0131ld\u0131\u011f\u0131n\u0131 v\u0259 qorundu\u011funu izah edir. Veb sayt\u0131m\u0131zdan istifad\u0259 etm\u0259kl\u0259, a\u015fa\u011f\u0131da g\u00f6st\u0259ril\u0259n \u015f\u0259rtl\u0259rl\u0259 raz\u0131la\u015fm\u0131\u015f olursunuz.<\/p>\n<h3 data-start=\"606\" data-end=\"651\">M\u0259lumatlar\u0131n emal\u0131n\u0131n \u0259sas prinsipl\u0259ri v\u0259 m\u0259qs\u0259dl\u0259ri<\/h3>\n<p data-start=\"653\" data-end=\"1093\">1xBet \u015f\u0259xsi m\u0259lumatlar\u0131 yaln\u0131z t\u0259tbiq olunan qanunvericilik v\u0259 vicdan prinsipl\u0259ri \u00e7\u0259r\u00e7iv\u0259sind\u0259 emal edir. \u0130stifad\u0259\u00e7il\u0259r t\u0259r\u0259find\u0259n t\u0259qdim edil\u0259n b\u00fct\u00fcn m\u0259lumatlar xidm\u0259t keyfiyy\u0259tini art\u0131rmaq, oyun x\u00fcsusiyy\u0259tl\u0259rin\u0259 giri\u015f t\u0259min etm\u0259k, \u0259m\u0259liyyatlar aparmaq v\u0259 m\u0259zmunu f\u0259rdil\u0259\u015fdirm\u0259k \u00fc\u00e7\u00fcn istifad\u0259 olunur. Biz \u015f\u0259xsi m\u0259lumatlar\u0131 qanuni \u0259sas olmadan \u00fc\u00e7\u00fcnc\u00fc t\u0259r\u0259fl\u0259r\u0259 \u00f6t\u00fcrm\u00fcr\u00fck v\u0259 bu s\u0259n\u0259dd\u0259 g\u00f6st\u0259rilm\u0259y\u0259n m\u0259qs\u0259dl\u0259r \u00fc\u00e7\u00fcn istifad\u0259 etmirik.<\/p>\n<p data-start=\"1095\" data-end=\"1164\">\u015e\u0259xsi m\u0259lumatlarla i\u015fimizin \u0259sas prinsipl\u0259ri bunlard\u0131r:<\/p>\n<ul>\n<li>emal\u0131n qanuniliyi v\u0259 \u015f\u0259ffafl\u0131\u011f\u0131;<\/li>\n<li>m\u0259lumat h\u0259cminin minimuma endirilm\u0259si &#8212; biz yaln\u0131z h\u0259qiq\u0259t\u0259n z\u0259ruri olanlar\u0131 toplay\u0131r\u0131q;<\/li>\n<li>m\u0259lumat\u0131n d\u0259qiqliyi v\u0259 aktuall\u0131\u011f\u0131;<\/li>\n<li>m\u0259lumatlar\u0131n saxlanma m\u00fcdd\u0259tinin m\u0259hdudla\u015fd\u0131r\u0131lmas\u0131;<\/li>\n<li>m\u0259lumat\u0131n ciddi m\u0259xfiliyi v\u0259 icaz\u0259siz giri\u015fd\u0259n qorunmas\u0131.<\/li>\n<\/ul>\n<h3 data-start=\"1476\" data-end=\"1520\">\u015e\u0259xsi m\u0259lumatlar\u0131n toplanmas\u0131 v\u0259 istifad\u0259si<\/h3>\n<p data-start=\"1522\" data-end=\"1620\">1xBet xidm\u0259tind\u0259 qeydiyyatdan ke\u00e7\u0259rk\u0259n v\u0259 istifad\u0259 ed\u0259rk\u0259n istifad\u0259\u00e7il\u0259r a\u015fa\u011f\u0131dak\u0131 m\u0259lumatlar\u0131 t\u0259qdim ed\u0259 bil\u0259rl\u0259r:<\/p>\n<ul>\n<li>Ad v\u0259 son ad;<\/li>\n<li>Do\u011fum tarixi (ya\u015f\u0131n\u0131z\u0131 t\u0259sdiql\u0259m\u0259k \u00fc\u00e7\u00fcn);<\/li>\n<li>\u018flaq\u0259 m\u0259lumatlar\u0131 (e-po\u00e7t \u00fcnvan\u0131, telefon n\u00f6mr\u0259si);<\/li>\n<li>\u00d6d\u0259ni\u015f v\u0259 \u0259m\u0259liyyat m\u0259lumatlar\u0131;<\/li>\n<li>IP \u00fcnvan\u0131, cihaz n\u00f6v\u00fc, interfeys dili v\u0259 dig\u0259r texniki parametrl\u0259r.<\/li>\n<\/ul>\n<p data-start=\"1867\" data-end=\"1905\">M\u0259lumatlar a\u015fa\u011f\u0131dak\u0131 m\u0259qs\u0259dl\u0259r \u00fc\u00e7\u00fcn toplan\u0131r:<\/p>\n<ol>\n<li>\u015e\u0259xsi hesab yaratmaq v\u0259 saxlamaq;<\/li>\n<li>Veb sayt\u0131n v\u0259 t\u0259tbiql\u0259rin d\u00fczg\u00fcn i\u015fl\u0259m\u0259sini t\u0259min etm\u0259k;<\/li>\n<li>T\u0259hl\u00fck\u0259sizlik v\u0259 yoxlama m\u0259s\u0259l\u0259l\u0259ri daxil olmaqla istifad\u0259\u00e7i il\u0259 \u0259laq\u0259 saxlamaq;<\/li>\n<li>Reklam v\u0259 bonus kampaniyalar\u0131, bildiri\u015fl\u0259r v\u0259 b\u00fclletenl\u0259r aparmaq;<\/li>\n<li>F\u0259aliyy\u0259ti t\u0259hlil etm\u0259k v\u0259 istifad\u0259\u00e7i t\u0259cr\u00fcb\u0259sini t\u0259kmill\u0259\u015fdirm\u0259k.<\/li>\n<\/ol>\n<p data-start=\"2248\" data-end=\"2397\">\u0130stifad\u0259\u00e7i m\u00fc\u0259yy\u0259n m\u0259lumatlar\u0131 verm\u0259kd\u0259n imtina etm\u0259k h\u00fcququna malikdir, lakin bu, funksiyan\u0131 m\u0259hdudla\u015fd\u0131ra bil\u0259r. veb sayt\u0131n m\u00fc\u0259yy\u0259n b\u00f6lm\u0259l\u0259ri.<\/p>\n<h3 data-start=\"2404\" data-end=\"2464\">Kukil\u0259rd\u0259n v\u0259 analitik al\u0259tl\u0259rd\u0259n istifad\u0259<\/h3>\n<p data-start=\"2466\" data-end=\"2758\">1xBet istifad\u0259\u00e7i parametrl\u0259rini saxlamaq, interfeysi optimalla\u015fd\u0131rmaq, statistikan\u0131 t\u0259hlil etm\u0259k v\u0259 xidm\u0259t keyfiyy\u0259tini art\u0131rmaq \u00fc\u00e7\u00fcn kukil\u0259rd\u0259n istifad\u0259 edir. Bu fayllar \u015f\u0259xsi m\u0259lumatlar\u0131 ehtiva etmir, lakin istifad\u0259\u00e7il\u0259rin hans\u0131 s\u0259hif\u0259l\u0259rl\u0259 maraqland\u0131qlar\u0131n\u0131 v\u0259 saytla nec\u0259 qar\u015f\u0131l\u0131ql\u0131 \u0259laq\u0259d\u0259 olduqlar\u0131n\u0131 anlama\u011f\u0131m\u0131za k\u00f6m\u0259k edir.<\/p>\n<p data-start=\"2760\" data-end=\"2948\">\u0130stifad\u0259\u00e7il\u0259r kukil\u0259ri m\u0259hdudla\u015fd\u0131rmaq v\u0259 ya tamamil\u0259 bloklamaq \u00fc\u00e7\u00fcn brauzer parametrl\u0259rini d\u0259yi\u015f\u0259 bil\u0259rl\u0259r, lakin bu, b\u0259zi veb sayt x\u00fcsusiyy\u0259tl\u0259rinin sabitliyin\u0259 t\u0259sir g\u00f6st\u0259r\u0259 bil\u0259r.<\/p>\n<p data-start=\"2950\" data-end=\"3232\">Biz h\u0259m\u00e7inin anoniml\u0259\u015fdirilmi\u015f m\u0259lumat toplamaq \u00fc\u00e7\u00fcn analitik al\u0259tl\u0259rd\u0259n v\u0259 texnologiyalardan istifad\u0259 edirik. Bu m\u0259lumatlar yaln\u0131z statistik v\u0259 marketinq m\u0259qs\u0259dl\u0259ri \u00fc\u00e7\u00fcn istifad\u0259 olunur, m\u00fc\u0259yy\u0259n bir istifad\u0259\u00e7inin m\u00fc\u0259yy\u0259nl\u0259\u015fdirilm\u0259sin\u0259 imkan vermir v\u0259 platforman\u0131 t\u0259kmill\u0259\u015fdirm\u0259k \u00fc\u00e7\u00fcn istifad\u0259 olunur.<\/p>\n<h3 data-start=\"3239\" data-end=\"3273\">M\u0259lumatlar\u0131n \u00f6t\u00fcr\u00fclm\u0259si v\u0259 t\u0259hl\u00fck\u0259sizliyi<\/h3>\n<p data-start=\"3275\" data-end=\"3658\">1xBet \u015f\u0259xsi m\u0259lumatlar\u0131n qorunmas\u0131 \u00fc\u00e7\u00fcn m\u00fcasir texniki v\u0259 t\u0259\u015fkilati t\u0259dbirl\u0259rd\u0259n istifad\u0259 edir: m\u0259lumat \u015fifr\u0259l\u0259m\u0259si, giri\u015f m\u0259hdudiyy\u0259tl\u0259ri, \u00e7oxs\u0259viyy\u0259li identifikasiya sistemi v\u0259 m\u00fcnt\u0259z\u0259m t\u0259hl\u00fck\u0259sizlik monitorinqi. M\u0259lumata giri\u015f yaln\u0131z i\u015f v\u0259zif\u0259l\u0259rini yerin\u0259 yetirm\u0259k \u00fc\u00e7\u00fcn ehtiyac\u0131 olan i\u015f\u00e7il\u0259rl\u0259 m\u0259hdudla\u015f\u0131r v\u0259 b\u00fct\u00fcn i\u015f\u00e7il\u0259r m\u0259xfiliyin qorunmas\u0131na g\u00f6r\u0259 m\u0259suliyy\u0259t da\u015f\u0131y\u0131rlar.<\/p>\n<p data-start=\"3660\" data-end=\"3728\">M\u0259lumatlar yaln\u0131z a\u015fa\u011f\u0131dak\u0131 hallarda \u00fc\u00e7\u00fcnc\u00fc t\u0259r\u0259fl\u0259r\u0259 \u00f6t\u00fcr\u00fcl\u0259 bil\u0259r:<\/p>\n<ul>\n<li>qanun \u00e7\u0259r\u00e7iv\u0259sind\u0259 d\u00f6vl\u0259t qurumlar\u0131n\u0131n t\u0259l\u0259bi il\u0259;<\/li>\n<li>istifad\u0259\u00e7inin raz\u0131l\u0131\u011f\u0131 il\u0259;<\/li>\n<li>eyni m\u0259lumatlar\u0131n qorunmas\u0131 standartlar\u0131na riay\u0259t ed\u0259n \u00f6d\u0259ni\u015f sisteml\u0259ri v\u0259 t\u0259r\u0259fda\u015flarla i\u015fl\u0259y\u0259rk\u0259n m\u00fcqavil\u0259 \u00f6hd\u0259likl\u0259rini yerin\u0259 yetirm\u0259k \u00fc\u00e7\u00fcn.<\/li>\n<\/ul>\n<h3 data-start=\"3965\" data-end=\"3992\">M\u0259lumatlar\u0131n Saxlanmas\u0131 v\u0259 M\u00fcdd\u0259tl\u0259ri<\/h3>\n<p data-start=\"3994\" data-end=\"4317\">\u0130stifad\u0259\u00e7inin \u015f\u0259xsi m\u0259lumatlar\u0131 topland\u0131\u011f\u0131 m\u0259qs\u0259dl\u0259ri yerin\u0259 yetirm\u0259k \u00fc\u00e7\u00fcn laz\u0131m olan m\u00fcdd\u0259t \u0259rzind\u0259 saxlan\u0131l\u0131r. Bu m\u00fcdd\u0259td\u0259n sonra m\u0259lumat silinir v\u0259 ya anoniml\u0259\u015fdirilir. \u0130stifad\u0259\u00e7i hesab\u0131n i\u015fl\u0259m\u0259si \u00fc\u00e7\u00fcn m\u0259lumatlar\u0131n saxlanmas\u0131na ehtiyac qalmad\u0131\u011f\u0131 t\u0259qdird\u0259, onlar\u0131n silinm\u0259sini t\u0259l\u0259b ed\u0259 bil\u0259r.<\/p>\n<h3 data-start=\"4324\" data-end=\"4350\">Ya\u015f m\u0259hdudiyy\u0259tl\u0259ri<\/h3>\n<p data-start=\"4352\" data-end=\"4624\">1xBet xidm\u0259ti yaln\u0131z 18 ya\u015fdan yuxar\u0131 \u015f\u0259xsl\u0259r \u00fc\u00e7\u00fcn n\u0259z\u0259rd\u0259 tutulub. Biz bil\u0259r\u0259kd\u0259n yetkinlik ya\u015f\u0131na \u00e7atmayanlardan m\u0259lumat toplam\u0131r\u0131q. T\u0259l\u0259b olunan ya\u015fdan ki\u00e7ik biri t\u0259r\u0259find\u0259n hesab yarad\u0131ld\u0131\u011f\u0131 a\u015fkar edil\u0259rs\u0259, hesab bloklanacaq v\u0259 t\u0259qdim edil\u0259n m\u0259lumatlar silin\u0259c\u0259k.<\/p>\n<h3 data-start=\"4631\" data-end=\"4654\">Siyas\u0259t Yenil\u0259m\u0259l\u0259ri<\/h3>\n<p data-start=\"4656\" data-end=\"4932\">1xBet bu m\u0259xfilik siyas\u0259tind\u0259 d\u0259yi\u015fiklik etm\u0259k h\u00fcququnu \u00f6z\u00fcnd\u0259 saxlay\u0131r. Haz\u0131rk\u0131 versiya h\u0259mi\u015f\u0259 veb sayt\u0131nda m\u00f6vcuddur v\u0259 d\u0259rc edildikd\u0259n sonra q\u00fcvv\u0259y\u0259 minir. \u0130stifad\u0259\u00e7il\u0259r\u0259 h\u0259r hans\u0131 yenil\u0259m\u0259l\u0259rd\u0259n x\u0259b\u0259rdar olmaq \u00fc\u00e7\u00fcn bu s\u0259n\u0259di vaxta\u015f\u0131r\u0131 n\u0259z\u0259rd\u0259n ke\u00e7irm\u0259l\u0259rini t\u00f6vsiy\u0259 edirik.<\/p>\n<h3 data-start=\"4939\" data-end=\"4964\">\u018flaq\u0259 M\u0259lumat\u0131<\/h3>\n<p data-start=\"4966\" data-end=\"5302\">\u015e\u0259xsi m\u0259lumatlar\u0131n emal\u0131, t\u0259hl\u00fck\u0259sizliyi v\u0259 ya h\u00fcquqlar\u0131n\u0131z\u0131n h\u0259yata ke\u00e7irilm\u0259si il\u0259 ba\u011fl\u0131 h\u0259r hans\u0131 bir sual\u0131n\u0131z varsa, 1xBet veb sayt\u0131ndak\u0131 r\u0259y formas\u0131 vasit\u0259sil\u0259 v\u0259 ya d\u0259st\u0259k qrupumuza elektron po\u00e7t g\u00f6nd\u0259r\u0259r\u0259k biziml\u0259 \u0259laq\u0259 saxlaya bil\u0259rsiniz. Sor\u011funuzu \u0259n q\u0131sa m\u00fcdd\u0259td\u0259 cavabland\u0131racaq v\u0259 qanuni \u00e7\u0259r\u00e7iv\u0259d\u0259 b\u00fct\u00fcn laz\u0131mi m\u0259lumatlar\u0131 t\u0259qdim ed\u0259c\u0259yik.<\/p>\n<p data-start=\"4966\" data-end=\"5302\">E-po\u00e7t: support@1xbet.com<\/p>\n<p data-start=\"4966\" data-end=\"5302\">Telefon: +998 93 427 56 18<\/p>\n<p data-start=\"4966\" data-end=\"5302\">\u00dcnvan: Bunyodkor K\u00fc\u00e7\u0259si<\/p>\n","protected":false},"excerpt":{"rendered":"<p>M\u0259xfilik Siyas\u0259ti Biz h\u0259r bir istifad\u0259\u00e7inin \u015f\u0259xsi m\u0259lumatlar\u0131n\u0131n qorunmas\u0131 h\u00fcququna h\u00f6rm\u0259tl\u0259 yana\u015f\u0131r\u0131q v\u0259 onlar\u0131n emal\u0131nda maksimum \u015f\u0259ffafl\u0131\u011f\u0131 t\u0259min etm\u0259y\u0259 \u00e7al\u0131\u015f\u0131r\u0131q. Bu m\u0259xfilik siyas\u0259ti 1xBet platformas\u0131ndan istifad\u0259 ed\u0259rk\u0259n hans\u0131 m\u0259lumatlar\u0131n topland\u0131\u011f\u0131n\u0131, nec\u0259 istifad\u0259 olundu\u011funu, saxlan\u0131ld\u0131\u011f\u0131n\u0131 v\u0259 qorundu\u011funu izah edir. Veb sayt\u0131m\u0131zdan istifad\u0259 etm\u0259kl\u0259, a\u015fa\u011f\u0131da g\u00f6st\u0259ril\u0259n \u015f\u0259rtl\u0259rl\u0259 raz\u0131la\u015fm\u0131\u015f olursunuz. M\u0259lumatlar\u0131n emal\u0131n\u0131n \u0259sas prinsipl\u0259ri v\u0259 m\u0259qs\u0259dl\u0259ri 1xBet \u015f\u0259xsi [&hellip;]<\/p>\n","protected":false},"author":1,"featured_media":0,"parent":0,"menu_order":0,"comment_status":"closed","ping_status":"closed","template":"","meta":{"_acf_changed":false,"footnotes":""},"class_list":["post-2234","page","type-page","status-publish","hentry"],"acf":[],"yoast_head":"<!-- This site is optimized with the Yoast SEO plugin v26.9 - https:\/\/yoast.com\/product\/yoast-seo-wordpress\/ -->\n<title>M\u0259xfilik Siyas\u0259ti | 1xbet<\/title>\n<meta name=\"robots\" content=\"index, follow, max-snippet:-1, max-image-preview:large, max-video-preview:-1\" \/>\n<link rel=\"canonical\" href=\"https:\/\/casino-bk-site54.top\/az\/m\u0259xfilik-siyas\u0259ti\/\" \/>\n<meta property=\"og:locale\" content=\"ru_RU\" \/>\n<meta property=\"og:type\" content=\"article\" \/>\n<meta property=\"og:title\" content=\"M\u0259xfilik Siyas\u0259ti | 1xbet\" \/>\n<meta property=\"og:description\" content=\"M\u0259xfilik Siyas\u0259ti Biz h\u0259r bir istifad\u0259\u00e7inin \u015f\u0259xsi m\u0259lumatlar\u0131n\u0131n qorunmas\u0131 h\u00fcququna h\u00f6rm\u0259tl\u0259 yana\u015f\u0131r\u0131q v\u0259 onlar\u0131n emal\u0131nda maksimum \u015f\u0259ffafl\u0131\u011f\u0131 t\u0259min etm\u0259y\u0259 \u00e7al\u0131\u015f\u0131r\u0131q. Bu m\u0259xfilik siyas\u0259ti 1xBet platformas\u0131ndan istifad\u0259 ed\u0259rk\u0259n hans\u0131 m\u0259lumatlar\u0131n topland\u0131\u011f\u0131n\u0131, nec\u0259 istifad\u0259 olundu\u011funu, saxlan\u0131ld\u0131\u011f\u0131n\u0131 v\u0259 qorundu\u011funu izah edir. Veb sayt\u0131m\u0131zdan istifad\u0259 etm\u0259kl\u0259, a\u015fa\u011f\u0131da g\u00f6st\u0259ril\u0259n \u015f\u0259rtl\u0259rl\u0259 raz\u0131la\u015fm\u0131\u015f olursunuz. M\u0259lumatlar\u0131n emal\u0131n\u0131n \u0259sas prinsipl\u0259ri v\u0259 m\u0259qs\u0259dl\u0259ri 1xBet \u015f\u0259xsi [&hellip;]\" \/>\n<meta property=\"og:url\" content=\"https:\/\/casino-bk-site54.top\/az\/m\u0259xfilik-siyas\u0259ti\/\" \/>\n<meta property=\"og:site_name\" content=\"casino-bk-site54.top\" \/>\n<meta name=\"twitter:card\" content=\"summary_large_image\" \/>\n<meta name=\"twitter:label1\" content=\"\u041f\u0440\u0438\u043c\u0435\u0440\u043d\u043e\u0435 \u0432\u0440\u0435\u043c\u044f \u0434\u043b\u044f \u0447\u0442\u0435\u043d\u0438\u044f\" \/>\n\t<meta name=\"twitter:data1\" content=\"4 \u043c\u0438\u043d\u0443\u0442\u044b\" \/>\n<script type=\"application\/ld+json\" class=\"yoast-schema-graph\">{\"@context\":\"https:\/\/schema.org\",\"@graph\":[{\"@type\":\"WebPage\",\"@id\":\"https:\/\/casino-bk-site54.top\/az\/m%c9%99xfilik-siyas%c9%99ti\/\",\"url\":\"https:\/\/casino-bk-site54.top\/az\/m%c9%99xfilik-siyas%c9%99ti\/\",\"name\":\"M\u0259xfilik Siyas\u0259ti | 1xbet\",\"isPartOf\":{\"@id\":\"https:\/\/casino-bk-site54.top\/#website\"},\"datePublished\":\"2025-11-12T14:42:13+00:00\",\"breadcrumb\":{\"@id\":\"https:\/\/casino-bk-site54.top\/az\/m%c9%99xfilik-siyas%c9%99ti\/#breadcrumb\"},\"inLanguage\":\"ru-RU\",\"potentialAction\":[{\"@type\":\"ReadAction\",\"target\":[\"https:\/\/casino-bk-site54.top\/az\/m%c9%99xfilik-siyas%c9%99ti\/\"]}]},{\"@type\":\"BreadcrumbList\",\"@id\":\"https:\/\/casino-bk-site54.top\/az\/m%c9%99xfilik-siyas%c9%99ti\/#breadcrumb\",\"itemListElement\":[{\"@type\":\"ListItem\",\"position\":1,\"name\":\"\u0413\u043b\u0430\u0432\u043d\u0430\u044f \u0441\u0442\u0440\u0430\u043d\u0438\u0446\u0430\",\"item\":\"https:\/\/casino-bk-site54.top\/\"},{\"@type\":\"ListItem\",\"position\":2,\"name\":\"M\u0259xfilik Siyas\u0259ti\"}]},{\"@type\":\"WebSite\",\"@id\":\"https:\/\/casino-bk-site54.top\/#website\",\"url\":\"https:\/\/casino-bk-site54.top\/\",\"name\":\"casino-bk-site54.top\",\"description\":\"\",\"potentialAction\":[{\"@type\":\"SearchAction\",\"target\":{\"@type\":\"EntryPoint\",\"urlTemplate\":\"https:\/\/casino-bk-site54.top\/?s={search_term_string}\"},\"query-input\":{\"@type\":\"PropertyValueSpecification\",\"valueRequired\":true,\"valueName\":\"search_term_string\"}}],\"inLanguage\":\"ru-RU\"}]}<\/script>\n<!-- \/ Yoast SEO plugin. -->","yoast_head_json":{"title":"M\u0259xfilik Siyas\u0259ti | 1xbet","robots":{"index":"index","follow":"follow","max-snippet":"max-snippet:-1","max-image-preview":"max-image-preview:large","max-video-preview":"max-video-preview:-1"},"canonical":"https:\/\/casino-bk-site54.top\/az\/m\u0259xfilik-siyas\u0259ti\/","og_locale":"ru_RU","og_type":"article","og_title":"M\u0259xfilik Siyas\u0259ti | 1xbet","og_description":"M\u0259xfilik Siyas\u0259ti Biz h\u0259r bir istifad\u0259\u00e7inin \u015f\u0259xsi m\u0259lumatlar\u0131n\u0131n qorunmas\u0131 h\u00fcququna h\u00f6rm\u0259tl\u0259 yana\u015f\u0131r\u0131q v\u0259 onlar\u0131n emal\u0131nda maksimum \u015f\u0259ffafl\u0131\u011f\u0131 t\u0259min etm\u0259y\u0259 \u00e7al\u0131\u015f\u0131r\u0131q. Bu m\u0259xfilik siyas\u0259ti 1xBet platformas\u0131ndan istifad\u0259 ed\u0259rk\u0259n hans\u0131 m\u0259lumatlar\u0131n topland\u0131\u011f\u0131n\u0131, nec\u0259 istifad\u0259 olundu\u011funu, saxlan\u0131ld\u0131\u011f\u0131n\u0131 v\u0259 qorundu\u011funu izah edir. Veb sayt\u0131m\u0131zdan istifad\u0259 etm\u0259kl\u0259, a\u015fa\u011f\u0131da g\u00f6st\u0259ril\u0259n \u015f\u0259rtl\u0259rl\u0259 raz\u0131la\u015fm\u0131\u015f olursunuz. M\u0259lumatlar\u0131n emal\u0131n\u0131n \u0259sas prinsipl\u0259ri v\u0259 m\u0259qs\u0259dl\u0259ri 1xBet \u015f\u0259xsi [&hellip;]","og_url":"https:\/\/casino-bk-site54.top\/az\/m\u0259xfilik-siyas\u0259ti\/","og_site_name":"casino-bk-site54.top","twitter_card":"summary_large_image","twitter_misc":{"\u041f\u0440\u0438\u043c\u0435\u0440\u043d\u043e\u0435 \u0432\u0440\u0435\u043c\u044f \u0434\u043b\u044f \u0447\u0442\u0435\u043d\u0438\u044f":"4 \u043c\u0438\u043d\u0443\u0442\u044b"},"schema":{"@context":"https:\/\/schema.org","@graph":[{"@type":"WebPage","@id":"https:\/\/casino-bk-site54.top\/az\/m%c9%99xfilik-siyas%c9%99ti\/","url":"https:\/\/casino-bk-site54.top\/az\/m%c9%99xfilik-siyas%c9%99ti\/","name":"M\u0259xfilik Siyas\u0259ti | 1xbet","isPartOf":{"@id":"https:\/\/casino-bk-site54.top\/#website"},"datePublished":"2025-11-12T14:42:13+00:00","breadcrumb":{"@id":"https:\/\/casino-bk-site54.top\/az\/m%c9%99xfilik-siyas%c9%99ti\/#breadcrumb"},"inLanguage":"ru-RU","potentialAction":[{"@type":"ReadAction","target":["https:\/\/casino-bk-site54.top\/az\/m%c9%99xfilik-siyas%c9%99ti\/"]}]},{"@type":"BreadcrumbList","@id":"https:\/\/casino-bk-site54.top\/az\/m%c9%99xfilik-siyas%c9%99ti\/#breadcrumb","itemListElement":[{"@type":"ListItem","position":1,"name":"\u0413\u043b\u0430\u0432\u043d\u0430\u044f \u0441\u0442\u0440\u0430\u043d\u0438\u0446\u0430","item":"https:\/\/casino-bk-site54.top\/"},{"@type":"ListItem","position":2,"name":"M\u0259xfilik Siyas\u0259ti"}]},{"@type":"WebSite","@id":"https:\/\/casino-bk-site54.top\/#website","url":"https:\/\/casino-bk-site54.top\/","name":"casino-bk-site54.top","description":"","potentialAction":[{"@type":"SearchAction","target":{"@type":"EntryPoint","urlTemplate":"https:\/\/casino-bk-site54.top\/?s={search_term_string}"},"query-input":{"@type":"PropertyValueSpecification","valueRequired":true,"valueName":"search_term_string"}}],"inLanguage":"ru-RU"}]}},"amp_enabled":true,"_links":{"self":[{"href":"https:\/\/casino-bk-site54.top\/wp-json\/wp\/v2\/pages\/2234","targetHints":{"allow":["GET"]}}],"collection":[{"href":"https:\/\/casino-bk-site54.top\/wp-json\/wp\/v2\/pages"}],"about":[{"href":"https:\/\/casino-bk-site54.top\/wp-json\/wp\/v2\/types\/page"}],"author":[{"embeddable":true,"href":"https:\/\/casino-bk-site54.top\/wp-json\/wp\/v2\/users\/1"}],"replies":[{"embeddable":true,"href":"https:\/\/casino-bk-site54.top\/wp-json\/wp\/v2\/comments?post=2234"}],"version-history":[{"count":1,"href":"https:\/\/casino-bk-site54.top\/wp-json\/wp\/v2\/pages\/2234\/revisions"}],"predecessor-version":[{"id":2235,"href":"https:\/\/casino-bk-site54.top\/wp-json\/wp\/v2\/pages\/2234\/revisions\/2235"}],"wp:attachment":[{"href":"https:\/\/casino-bk-site54.top\/wp-json\/wp\/v2\/media?parent=2234"}],"curies":[{"name":"wp","href":"https:\/\/api.w.org\/{rel}","templated":true}]}}